{"id":24,"date":"2012-08-08T20:34:45","date_gmt":"2012-08-08T18:34:45","guid":{"rendered":"http:\/\/10.0.0.25\/joschaschraff.ch\/wordpress\/?page_id=24"},"modified":"2023-02-19T13:33:19","modified_gmt":"2023-02-19T11:33:19","slug":"uber-mich","status":"publish","type":"page","link":"https:\/\/joschaschraff.com\/?page_id=24","title":{"rendered":"\u00dcber mich"},"content":{"rendered":"<div class=\"default-column\">\n<table>\n<tbody>\n<tr>\n<td class=\"left\" style=\"width: 230px;\" valign=\"top\">\n<div class=\"sub-menu\">\n<ul>\n<li>\/ <a title=\"Kontakt\" href=\"http:\/\/sg-edv.ch\/dev\/joschaschraff.com\/?page_id=7\">Kontakt<\/a><\/li>\n<\/ul>\n<div style=\"margin: 18px 0; border-bottom: 3px double #E0E0E0;\">&nbsp;<\/div>\n<\/div>\n<\/td>\n<td class=\"middle\" style=\"width: 470px;\">\n<h2><a href=\"http:\/\/joschaschraff.com\/wp-content\/uploads\/2023\/02\/SSS6967.jpg\"><img loading=\"lazy\" decoding=\"async\" class=\"alignnone size-large wp-image-2215\" src=\"http:\/\/joschaschraff.com\/wp-content\/uploads\/2023\/02\/SSS6967-1024x914.jpg\" alt=\"\" width=\"1024\" height=\"914\" srcset=\"https:\/\/joschaschraff.com\/wp-content\/uploads\/2023\/02\/SSS6967-1024x914.jpg 1024w, https:\/\/joschaschraff.com\/wp-content\/uploads\/2023\/02\/SSS6967-300x268.jpg 300w, https:\/\/joschaschraff.com\/wp-content\/uploads\/2023\/02\/SSS6967-768x685.jpg 768w, https:\/\/joschaschraff.com\/wp-content\/uploads\/2023\/02\/SSS6967-1536x1371.jpg 1536w, https:\/\/joschaschraff.com\/wp-content\/uploads\/2023\/02\/SSS6967.jpg 1599w\" sizes=\"auto, (max-width: 1024px) 100vw, 1024px\" \/><\/a><\/h2>\n<p>&nbsp;<\/p>\n<h2>Biografie<\/h2>\n<h3>Joscha Schraff<\/h3>\n<p>In Schaffhausen geboren (1991) und aufgewachsen. Master of Music Pedagogy an der Jazzschule Z\u00fcrich. Jazzpianist, Komponist, Musikp\u00e4dagoge, Theatermusiker und Konzertorganisator.&nbsp;<\/p>\n<p>&nbsp;<\/p>\n<p>&nbsp;<\/p>\n<p>&nbsp;<\/p>\n<h2>Zitate<\/h2>\n<h3>Joscha Schraff<\/h3>\n<p>&#8222;Joscha Schraff \u2013 ein vielversprechender junger Pianist! Er verbindet Fleiss, Talent und Selbstkritik mit der Leidenschaft f\u00fcr das Klavier, Respekt vor der musikalischen Tradition und Neugier f\u00fcr zeitgen\u00f6ssische Str\u00f6mungen.&#8220;<\/p>\n<p>&nbsp;<\/p>\n<p>Andy Harder<br \/>\nPianist &amp; Komponist, Professor ZHdK<\/p>\n<p>&nbsp;<\/p>\n<p>&nbsp;<\/p>\n<p>&#8222;Als Kleinkind hat man Joscha Schraff wohl st\u00e4ndig mit einem schmackhaften Breichen aus Individualit\u00e4t, Humor, Zielstrebigkeit, Feingef\u00fchl und Nostalgie gef\u00fcttert. Was heute aus ihm geworden ist? Mir passt\u2019s.&#8220;<\/p>\n<p>&nbsp;<\/p>\n<p>Marena Whitcher<br \/>\nS\u00e4ngerin und Bandkollegin im Whitcher\/Schraff Duo<\/p>\n<p>&nbsp;<\/p>\n<p>&nbsp;<\/p>\n<p>&#8222;Ein begnadeter Pianist und starker Bandleader, der musikalisch immer weiss, was er will.&#8220;<\/p>\n<p>&nbsp;<\/p>\n<p>Pascal R\u00fcegger<br \/>\nBassist und Bandkollege im Joscha Schraff Trio<\/p>\n<p>&nbsp;<\/p>\n<p>&nbsp;<\/p>\n<p>&#8222;Sein Wirken hat die Arbeit mit dem Ensemble und die Inszenierung<br \/>\nentscheidend und \u00e4ussert positiv gepr\u00e4gt. Mit erstaunlicher Leichtigkeit ist ihm der stete Rollenwechsel vom Komponisten zum musikalischen Leiter und zum Schauspieler gelungen.<br \/>\nEs ist f\u00fcr mich ein grosses Gl\u00fcck, mit diesem sensiblen, verspielten, intelligenten jungen Musiker zusammenarbeiten zu d\u00fcrfen.&#8220;<\/p>\n<p>&nbsp;<\/p>\n<p>J\u00fcrg Schneckenburger<br \/>\nRegisseur, Dozent Theaterp\u00e4dagogik<\/td>\n<td style=\"width: 230px;\" valign=\"top\">&nbsp;<\/td>\n<\/tr>\n<\/tbody>\n<\/table>\n<\/div>\n","protected":false},"excerpt":{"rendered":"<p>\/ Kontakt &nbsp; &nbsp; Biografie Joscha Schraff In Schaffhausen geboren (1991) und aufgewachsen. Master of Music Pedagogy an der Jazzschule Z\u00fcrich. Jazzpianist, Komponist, Musikp\u00e4dagoge, Theatermusiker und Konzertorganisator.&nbsp; &nbsp; &nbsp; &nbsp; Zitate Joscha Schraff &#8222;Joscha Schraff \u2013 ein vielversprechender junger Pianist! Er verbindet Fleiss, Talent und Selbstkritik mit der Leidenschaft f\u00fcr das Klavier, Respekt vor der [&hellip;]<\/p>\n","protected":false},"author":1,"featured_media":0,"parent":0,"menu_order":0,"comment_status":"open","ping_status":"open","template":"page-ueber_mich.php","meta":{"footnotes":""},"class_list":["post-24","page","type-page","status-publish","hentry"],"aioseo_notices":[],"_links":{"self":[{"href":"https:\/\/joschaschraff.com\/index.php?rest_route=\/wp\/v2\/pages\/24","targetHints":{"allow":["GET"]}}],"collection":[{"href":"https:\/\/joschaschraff.com\/index.php?rest_route=\/wp\/v2\/pages"}],"about":[{"href":"https:\/\/joschaschraff.com\/index.php?rest_route=\/wp\/v2\/types\/page"}],"author":[{"embeddable":true,"href":"https:\/\/joschaschraff.com\/index.php?rest_route=\/wp\/v2\/users\/1"}],"replies":[{"embeddable":true,"href":"https:\/\/joschaschraff.com\/index.php?rest_route=%2Fwp%2Fv2%2Fcomments&post=24"}],"version-history":[{"count":12,"href":"https:\/\/joschaschraff.com\/index.php?rest_route=\/wp\/v2\/pages\/24\/revisions"}],"predecessor-version":[{"id":2222,"href":"https:\/\/joschaschraff.com\/index.php?rest_route=\/wp\/v2\/pages\/24\/revisions\/2222"}],"wp:attachment":[{"href":"https:\/\/joschaschraff.com\/index.php?rest_route=%2Fwp%2Fv2%2Fmedia&parent=24"}],"curies":[{"name":"wp","href":"https:\/\/api.w.org\/{rel}","templated":true}]}}