{"id":15,"date":"2012-08-08T20:33:25","date_gmt":"2012-08-08T18:33:25","guid":{"rendered":"http:\/\/10.0.0.25\/joschaschraff.ch\/wordpress\/?page_id=15"},"modified":"2023-02-19T13:15:04","modified_gmt":"2023-02-19T11:15:04","slug":"j3-2","status":"publish","type":"page","link":"https:\/\/joschaschraff.com\/?page_id=15","title":{"rendered":"Joscha Schraff Trio"},"content":{"rendered":"<div class=\"default-column\">\n<table>\n<tbody>\n<tr>\n<td class=\"left\" style=\"width: 230px;\" valign=\"top\">\n<div class=\"sub-menu\">\n<ul>\n<li>\/ <a title=\"T\u00f6ne\" href=\"http:\/\/joschaschraff.com\/?page_id=21\">Anh\u00f6ren<\/a><\/li>\n<li>\/ <a title=\"T\u00f6ne\" href=\"http:\/\/joschaschraff.com\/?page_id=21\">Videos<\/a><\/li>\n<li>\/ <a title=\"Kontakt\" href=\"http:\/\/joschaschraff.com\/?page_id=398\">Bestelle unsere CD &#8222;Here&#8217;s To You&#8220;<\/a><\/li>\n<\/ul>\n<div style=\"margin: 18px 0; border-bottom: 3px double #E0E0E0;\">&nbsp;<\/div>\n<h4>Line-up<\/h4>\n<p>Joscha Schraff, Piano<br \/>\nXaver R\u00fcegg, Bass<br \/>\nPaul Amereller, Drums<\/p>\n<\/div>\n<\/td>\n<td class=\"middle\" style=\"width: 470px;\"><a href=\"http:\/\/joschaschraff.com\/wp-content\/uploads\/2021\/05\/DSC_1402-scaled.jpg\"><img loading=\"lazy\" decoding=\"async\" class=\"alignnone size-large wp-image-2102\" src=\"http:\/\/joschaschraff.com\/wp-content\/uploads\/2021\/05\/DSC_1402-1024x683.jpg\" alt=\"\" width=\"1024\" height=\"683\" srcset=\"https:\/\/joschaschraff.com\/wp-content\/uploads\/2021\/05\/DSC_1402-1024x683.jpg 1024w, https:\/\/joschaschraff.com\/wp-content\/uploads\/2021\/05\/DSC_1402-300x200.jpg 300w, https:\/\/joschaschraff.com\/wp-content\/uploads\/2021\/05\/DSC_1402-768x513.jpg 768w, https:\/\/joschaschraff.com\/wp-content\/uploads\/2021\/05\/DSC_1402-1536x1025.jpg 1536w, https:\/\/joschaschraff.com\/wp-content\/uploads\/2021\/05\/DSC_1402-2048x1367.jpg 2048w\" sizes=\"auto, (max-width: 1024px) 100vw, 1024px\" \/><\/a><br \/>\n&nbsp;<\/p>\n<p>&nbsp;<\/p>\n<h2>\u00dcber uns<\/h2>\n<h3>Wer wir sind<\/h3>\n<p>Das Joscha Schraff Trio verspr\u00fcht Leichtigkeit, Lebensfreude und sinnliche Melancholie. Ihr Sound ist getragen durch starke Melodien und Harmonien. Bandleader Joscha Schraff am Klavier, Xaver R\u00fcegg am Bass und Paul Amereller am Schlagzeug erg\u00e4nzen sich ideal. Die Vertrautheit der Musiker f\u00fchrt zu Spielfreude und dazu, dass sie die Musik bei jedem Konzert neu zu erfinden scheinen. Das Jazz-Trio um den Schaffhauser Joscha Schraff spielt junge, kraftvolle Musik, die sich rasch \u00f6ffnet und eine Sogwirkung entfaltet<\/p>\n<p>&nbsp;<\/p>\n<h2>Aktuelles Album<\/h2>\n<h3>&#8222;Here&#8217;s To You&#8220;<\/h3>\n<p><a href=\"http:\/\/joschaschraff.com\/wp-content\/uploads\/2023\/02\/cover-foto-heres-to-you.png\"><img loading=\"lazy\" decoding=\"async\" class=\"alignnone size-large wp-image-2195\" src=\"http:\/\/joschaschraff.com\/wp-content\/uploads\/2023\/02\/cover-foto-heres-to-you-1013x1024.png\" alt=\"\" width=\"1013\" height=\"1024\" srcset=\"https:\/\/joschaschraff.com\/wp-content\/uploads\/2023\/02\/cover-foto-heres-to-you-1013x1024.png 1013w, https:\/\/joschaschraff.com\/wp-content\/uploads\/2023\/02\/cover-foto-heres-to-you-297x300.png 297w, https:\/\/joschaschraff.com\/wp-content\/uploads\/2023\/02\/cover-foto-heres-to-you-768x776.png 768w, https:\/\/joschaschraff.com\/wp-content\/uploads\/2023\/02\/cover-foto-heres-to-you-1520x1536.png 1520w, https:\/\/joschaschraff.com\/wp-content\/uploads\/2023\/02\/cover-foto-heres-to-you.png 1692w\" sizes=\"auto, (max-width: 1013px) 100vw, 1013px\" \/><\/a><br \/>\n&nbsp;<br \/>\n1 here&#8217;s to you \/ 2 nineteen \/ 3 up late \/ 4 saturdays \/ 5 epilogue \/ 6 hate hope \/ 7 last song \/ 8 addio palermo (for thierry)<br \/>\n&nbsp;<br \/>\nANUK records<br \/>\n&nbsp;<br \/>\n<a title=\"Kontakt\" href=\"http:\/\/joschaschraff.com\/?page_id=398\">CD online bestellen<\/a><\/p>\n<p>&nbsp;<\/p>\n<p>&nbsp;<\/p>\n<h2>Zitate<\/h2>\n<h3>Worte zum Joscha Schraff Trio<\/h3>\n<p>\u201eJoscha Schraff schreibt eine singende Musik, der man sich nicht entziehen kann &#8211; Elemente aus Pop, der klassischen Musik, sowie der freien Improvisation werden hier in Manier des zeitgen\u00f6ssischen Piano-Jazz Trios gekonnt verschmolzen. Ungerade Rhythmen wie auch atmende, offene Passagen werden mit viel Feingef\u00fchl und Leichtigkeit gemeistert. Es ist ein grosser Genuss dem jungen Trio, welches mit viel Verve agiert, zuzuh\u00f6ren. CHECK IT OUT!!!\u201c<\/p>\n<p>&nbsp;<\/p>\n<p>Thomas Silvestri<br \/>\nJazz-Pianist und Komponist<\/p>\n<p>&nbsp;<\/p>\n<p>\u201eWir wissen es alle: Seit Bill Evans Schaffensperiode ist die Welt nicht mehr von Piano-Trios verschont geblieben. Es gibt mittlerweile fast so viele wie Sandk\u00f6rner in Ipanema. Macht nix, denn was gibt es sch\u00f6neres als einen Sandstrand bei Sonnenuntergang?<br \/>\nEin sehr exquisites Sandkorn gibt es nun mit dem Joscha Schraff-Trio zu bewundern.&nbsp; Schraffs Kompositionen kommen in erquickend komplexer melodi\u00f6ser Einfachheit daher und lassen einen glasklaren (Glas wird ja schliesslich aus Sand gefertigt) und \u00fcberraschend reifen Gesamtklang entstehen.<br \/>\nNach dem Anh\u00f6ren dieses stimulierenden Ohrenschmaus\u2018 haben Sie garantiert kein Sand mehr im Getriebe!\u201c<\/p>\n<p>&nbsp;<\/p>\n<p>Niculin Janett<br \/>\nJazz-Saxophonist<\/td>\n<td class=\"right\" style=\"width: 230px;\" valign=\"top\">\n<div style=\"margin: 0px 0; border-bottom: 3px double #E0E0E0;\"><a href=\"http:\/\/joschaschraff.com\/wp-content\/uploads\/2012\/08\/J3_Logo1.png\"><img loading=\"lazy\" decoding=\"async\" class=\"alignnone size-full wp-image-260\" title=\"J3_Logo\" src=\"http:\/\/joschaschraff.com\/wp-content\/uploads\/2012\/08\/J3_Logo1.png\" alt=\"\" width=\"231\" height=\"102\"><\/a><\/div>\n<\/td>\n<\/tr>\n<\/tbody>\n<\/table>\n<\/div>\n","protected":false},"excerpt":{"rendered":"<p>\/ Anh\u00f6ren \/ Videos \/ Bestelle unsere CD &#8222;Here&#8217;s To You&#8220; &nbsp; Line-up Joscha Schraff, Piano Xaver R\u00fcegg, Bass Paul Amereller, Drums &nbsp; &nbsp; \u00dcber uns Wer wir sind Das Joscha Schraff Trio verspr\u00fcht Leichtigkeit, Lebensfreude und sinnliche Melancholie. Ihr Sound ist getragen durch starke Melodien und Harmonien. Bandleader Joscha Schraff am Klavier, Xaver R\u00fcegg [&hellip;]<\/p>\n","protected":false},"author":1,"featured_media":0,"parent":0,"menu_order":0,"comment_status":"open","ping_status":"open","template":"page-j3.php","meta":{"footnotes":""},"class_list":["post-15","page","type-page","status-publish","hentry"],"aioseo_notices":[],"_links":{"self":[{"href":"https:\/\/joschaschraff.com\/index.php?rest_route=\/wp\/v2\/pages\/15","targetHints":{"allow":["GET"]}}],"collection":[{"href":"https:\/\/joschaschraff.com\/index.php?rest_route=\/wp\/v2\/pages"}],"about":[{"href":"https:\/\/joschaschraff.com\/index.php?rest_route=\/wp\/v2\/types\/page"}],"author":[{"embeddable":true,"href":"https:\/\/joschaschraff.com\/index.php?rest_route=\/wp\/v2\/users\/1"}],"replies":[{"embeddable":true,"href":"https:\/\/joschaschraff.com\/index.php?rest_route=%2Fwp%2Fv2%2Fcomments&post=15"}],"version-history":[{"count":33,"href":"https:\/\/joschaschraff.com\/index.php?rest_route=\/wp\/v2\/pages\/15\/revisions"}],"predecessor-version":[{"id":2203,"href":"https:\/\/joschaschraff.com\/index.php?rest_route=\/wp\/v2\/pages\/15\/revisions\/2203"}],"wp:attachment":[{"href":"https:\/\/joschaschraff.com\/index.php?rest_route=%2Fwp%2Fv2%2Fmedia&parent=15"}],"curies":[{"name":"wp","href":"https:\/\/api.w.org\/{rel}","templated":true}]}}