{"id":1211,"date":"2015-12-11T17:59:57","date_gmt":"2015-12-11T15:59:57","guid":{"rendered":"http:\/\/joschaschraff.com\/?page_id=1211"},"modified":"2017-06-16T10:19:53","modified_gmt":"2017-06-16T08:19:53","slug":"joscha-schraff-quartett-2","status":"publish","type":"page","link":"https:\/\/joschaschraff.com\/?page_id=1211","title":{"rendered":"Joscha Schraff Quartet"},"content":{"rendered":"<div class=\"default-column\">\n<table>\n<tbody>\n<tr>\n<td class=\"left\" style=\"width: 230px;\" valign=\"top\">\n<div class=\"sub-menu\">\n<ul>\n<li>\/ <a title=\"T\u00f6ne\" href=\"http:\/\/joschaschraff.com\/?page_id=21\">Anh\u00f6ren<\/a><\/li>\n<li>\/ <a title=\"T\u00f6ne\" href=\"http:\/\/joschaschraff.com\/?page_id=21\">Videos<\/a><\/li>\n<li>\/ <a title=\"Facebook\" href=\"https:\/\/www.facebook.com\/joschaschraffquartet\" target=\"_blank\">Finde uns auf Facebook<\/a><\/li>\n<\/ul>\n<div style=\"margin: 18px 0; border-bottom: 3px double #E0E0E0;\"><\/div>\n<h4>Line-up<\/h4>\n<p>Joscha Schraff, Piano<br \/>\nNidulin Janett, Saxophon<br \/>\nMo Meyer, Bass<br \/>\nPaul Amereller, Drums<\/p>\n<\/div>\n<\/td>\n<td class=\"middle\" style=\"width: 470px;\"><a href=\"http:\/\/joschaschraff.com\/wp-content\/uploads\/2015\/12\/DSCF4190.jpg\"><img decoding=\"async\" src=\"http:\/\/joschaschraff.com\/wp-content\/uploads\/2015\/12\/DSCF4190-1024x577.jpg\" alt=\"dscf4190\" width=\"470\" height=\"264.833984\" class=\"alignnone size-large wp-image-1342\" srcset=\"https:\/\/joschaschraff.com\/wp-content\/uploads\/2015\/12\/DSCF4190-1024x577.jpg 1024w, https:\/\/joschaschraff.com\/wp-content\/uploads\/2015\/12\/DSCF4190-300x169.jpg 300w, https:\/\/joschaschraff.com\/wp-content\/uploads\/2015\/12\/DSCF4190-768x433.jpg 768w\" sizes=\"(max-width: 1024px) 100vw, 1024px\" \/><\/a><\/p>\n<h2>\u00dcber uns<\/h2>\n<h3>Wer wir sind<\/h3>\n<p>Energiegeladen, lyrisch, rhythmisch und auf der Basis von Wohlklang mit viel Freiheitsdrang. So pr\u00e4sentieren sich die Kompositionen, haupts\u00e4chlich aus der Feder des Bandleaders und Pianisten Joscha Schraff. Die klanglichen M\u00f6glichkeiten eines klassischen Jazzquartetts werden gesucht und ausgesch\u00f6pft. Kompositorische und improvisierte Elemente stehen in regem Austausch. Das Joscha Schraff Quartett pr\u00e4sentiert eine junge und frische Musik, die sich dem H\u00f6rer rasch \u00f6ffnet und dann viel zu entdecken bietet.<br \/>\n&nbsp;<\/p>\n<h2>CD<\/h2>\n<h3>&#8222;Lonely Machines&#8220;<\/h3>\n<p><a href=\"http:\/\/joschaschraff.com\/wp-content\/uploads\/2015\/12\/original-joscha_itunesv-1.jpg\"><img loading=\"lazy\" decoding=\"async\" src=\"http:\/\/joschaschraff.com\/wp-content\/uploads\/2015\/12\/original-joscha_itunesv-1-1024x1024.jpg\" alt=\"original-joscha_itunesv-1\" width=\"330\" height=\"330\" class=\"alignnone size-large wp-image-1327\" srcset=\"https:\/\/joschaschraff.com\/wp-content\/uploads\/2015\/12\/original-joscha_itunesv-1-1024x1024.jpg 1024w, https:\/\/joschaschraff.com\/wp-content\/uploads\/2015\/12\/original-joscha_itunesv-1-150x150.jpg 150w, https:\/\/joschaschraff.com\/wp-content\/uploads\/2015\/12\/original-joscha_itunesv-1-300x300.jpg 300w, https:\/\/joschaschraff.com\/wp-content\/uploads\/2015\/12\/original-joscha_itunesv-1-768x768.jpg 768w\" sizes=\"auto, (max-width: 330px) 100vw, 330px\" \/><\/a><\/p>\n<p>&nbsp;<br \/>\n1 Metamorphosis \/ 2 Departure \/ 3 Goodbye \/ 4 Lonely Machines \/ 5 Back Home \/ 6 Purcell&#8217;s Revenge \/ 7 Memories So Far \/ 8 Still There<br \/>\n&nbsp;<br \/>\nProduced by Joscha Schraff<br \/>\nCo-Producer &#8211; Andy Harder<br \/>\nExec.-Producer &#8211; Peter B\u00fcrli for Radio SRF 2<br \/>\nRecorded at Hardstudios, Winterthur CH<br \/>\nby Andy Neresheimer, December 2015<br \/>\nMixed at Bass Hit Studios, NYC<br \/>\nby Dave Darlington, May 2016<br \/>\nMastered at Sterling Sound, NYC<br \/>\nby Greg Calbi, May 2016<br \/>\nArtwork by Florine Baeriswyl<br \/>\nPhotography from www.dia-issue.ch<\/p>\n<p>&nbsp;<br \/>\n<a title=\"Kontakt\" href=\"http:\/\/joschaschraff.com\/?page_id=398\">CD online bestellen<\/a><\/p>\n<p>&nbsp;<\/p>\n<p>&nbsp;<\/p>\n<h2>Zitate<\/h2>\n<h3>Worte zum Joscha Schraff Quartet<\/h3>\n<p>\u201eDie Musik des Joscha Schraff Quartetts ist eine melodische, atmosph\u00e4rische Musik. Joscha und seine Mitmusiker &#8222;tragen den T\u00f6nen Sorge&#8220; und lassen dadurch die Kompositionen atmen und in ihrer ganzen Sch\u00f6nheit entfalten &#8211; wer jetzt aber glaubt da wird nur mit angezogener Handbremse sinnlich musiziert irrt sich gewaltig! Da wird n\u00e4mlich auch gestossen, geschubst, gewitzelt, gegrooved, pl\u00f6tzlich tauchen Bebop Phrasen auf, dann blitzt wieder ganz kurz Blues auf, dann freie Stellen, Tempo raus, Tempo rein, Tempo raus\u2026\u2026<br \/>\nInspirationen aus zeitgen\u00f6ssischem sowie traditionellem Jazz, klassischer Musik wie auch Pop, Minimal und Filmischer-Musik sind h\u00f6rbar. Eine Reise mit 4 grossartigen jungen Jazzmusikern welche man nicht verpassen sollte\u201c<br \/>\n&nbsp;<\/p>\n<p>Thomas Silvestri<br \/>\nJazz-Pianist und Komponist<\/p>\n<p>&nbsp;<\/p>\n<p>\u201eNachdem Schraff 2015 seine erste CD im Trio ver\u00f6ffentlichte, jetzt bereits die neue Produktion im Quartett. Und wieder ist die Band \u2013 diesmal mit Saxofonist Niculin Janett, Bassist Moritz Meyer und Drummer Paul Amereller &#8211; bemerkenswert. Junge, hochtalentierte Musiker, sehr energetisch, aber auch lyrisch und als Kollektiv u\u0308berzeugend. In den Stu\u0308cken des Pianisten und Bandleaders verschmelzen Komposition und Improvisation in langen Spannungsb\u00f6gen und erzeugen faszinierende Klangbilder mit grosser Dynamik und rhythmischer Dichte.\u201c<\/p>\n<p>&nbsp;<\/p>\n<p>Andy Harder<br \/>\nJazz-Pianist und Komponist, Dozent an der ZHdK\n<\/td>\n<td class=\"right\" style=\"width: 230px;\" valign=\"top\">\n<div style=\"margin: 0px 0; border-bottom: 3px double #E0E0E0;\"><a \n<\/tr>\n<\/tbody>\n<\/table>\n<\/div>\n","protected":false},"excerpt":{"rendered":"<p>\/ Anh\u00f6ren \/ Videos \/ Finde uns auf Facebook Line-up Joscha Schraff, Piano Nidulin Janett, Saxophon Mo Meyer, Bass Paul Amereller, Drums \u00dcber uns Wer wir sind Energiegeladen, lyrisch, rhythmisch und auf der Basis von Wohlklang mit viel Freiheitsdrang. So pr\u00e4sentieren sich die Kompositionen, haupts\u00e4chlich aus der Feder des Bandleaders und Pianisten Joscha Schraff. Die [&hellip;]<\/p>\n","protected":false},"author":1,"featured_media":0,"parent":0,"menu_order":0,"comment_status":"closed","ping_status":"closed","template":"page-j3.php","meta":{"footnotes":""},"class_list":["post-1211","page","type-page","status-publish","hentry"],"aioseo_notices":[],"_links":{"self":[{"href":"https:\/\/joschaschraff.com\/index.php?rest_route=\/wp\/v2\/pages\/1211","targetHints":{"allow":["GET"]}}],"collection":[{"href":"https:\/\/joschaschraff.com\/index.php?rest_route=\/wp\/v2\/pages"}],"about":[{"href":"https:\/\/joschaschraff.com\/index.php?rest_route=\/wp\/v2\/types\/page"}],"author":[{"embeddable":true,"href":"https:\/\/joschaschraff.com\/index.php?rest_route=\/wp\/v2\/users\/1"}],"replies":[{"embeddable":true,"href":"https:\/\/joschaschraff.com\/index.php?rest_route=%2Fwp%2Fv2%2Fcomments&post=1211"}],"version-history":[{"count":18,"href":"https:\/\/joschaschraff.com\/index.php?rest_route=\/wp\/v2\/pages\/1211\/revisions"}],"predecessor-version":[{"id":1483,"href":"https:\/\/joschaschraff.com\/index.php?rest_route=\/wp\/v2\/pages\/1211\/revisions\/1483"}],"wp:attachment":[{"href":"https:\/\/joschaschraff.com\/index.php?rest_route=%2Fwp%2Fv2%2Fmedia&parent=1211"}],"curies":[{"name":"wp","href":"https:\/\/api.w.org\/{rel}","templated":true}]}}